{"id":29,"date":"2021-07-17T17:07:38","date_gmt":"2021-07-17T17:07:38","guid":{"rendered":"https:\/\/www.colegiodelrincon.com\/?page_id=29"},"modified":"2025-04-02T13:50:56","modified_gmt":"2025-04-02T13:50:56","slug":"identidad","status":"publish","type":"page","link":"https:\/\/www.colegiodelrincon.com\/index.php\/identidad\/","title":{"rendered":"IDENTIDAD"},"content":{"rendered":"\t\t<div data-elementor-type=\"wp-page\" data-elementor-id=\"29\" class=\"elementor elementor-29\">\n\t\t\t\t\t\t<section class=\"elementor-section elementor-top-section elementor-element elementor-element-7ecb2efe elementor-section-boxed elementor-section-height-default elementor-section-height-default\" data-id=\"7ecb2efe\" data-element_type=\"section\" data-e-type=\"section\">\n\t\t\t\t\t\t<div class=\"elementor-container elementor-column-gap-default\">\n\t\t\t\t\t<div class=\"elementor-column elementor-col-100 elementor-top-column elementor-element elementor-element-381d0a0\" data-id=\"381d0a0\" data-element_type=\"column\" data-e-type=\"column\">\n\t\t\t<div class=\"elementor-widget-wrap\">\n\t\t\t\t\t\t\t<\/div>\n\t\t<\/div>\n\t\t\t\t\t<\/div>\n\t\t<\/section>\n\t\t\t\t<section class=\"elementor-section elementor-top-section elementor-element elementor-element-33458cb elementor-section-boxed elementor-section-height-default elementor-section-height-default\" data-id=\"33458cb\" data-element_type=\"section\" data-e-type=\"section\">\n\t\t\t\t\t\t<div class=\"elementor-container elementor-column-gap-default\">\n\t\t\t\t\t<div class=\"elementor-column elementor-col-100 elementor-top-column elementor-element elementor-element-26cc598\" data-id=\"26cc598\" data-element_type=\"column\" data-e-type=\"column\">\n\t\t\t<div class=\"elementor-widget-wrap elementor-element-populated\">\n\t\t\t\t\t\t<div class=\"elementor-element elementor-element-ee48d6a elementor-position-top elementor-widget elementor-widget-image-box\" data-id=\"ee48d6a\" data-element_type=\"widget\" data-e-type=\"widget\" data-widget_type=\"image-box.default\">\n\t\t\t\t<div class=\"elementor-widget-container\">\n\t\t\t\t\t<div class=\"elementor-image-box-wrapper\"><figure class=\"elementor-image-box-img\"><img fetchpriority=\"high\" decoding=\"async\" width=\"512\" height=\"512\" src=\"https:\/\/www.colegiodelrincon.com\/wp-content\/uploads\/2025\/04\/2103333.png\" class=\"attachment-full size-full wp-image-1273\" alt=\"\" srcset=\"https:\/\/www.colegiodelrincon.com\/wp-content\/uploads\/2025\/04\/2103333.png 512w, https:\/\/www.colegiodelrincon.com\/wp-content\/uploads\/2025\/04\/2103333-300x300.png 300w, https:\/\/www.colegiodelrincon.com\/wp-content\/uploads\/2025\/04\/2103333-150x150.png 150w, https:\/\/www.colegiodelrincon.com\/wp-content\/uploads\/2025\/04\/2103333-75x75.png 75w\" sizes=\"(max-width: 512px) 100vw, 512px\" \/><\/figure><div class=\"elementor-image-box-content\"><h3 class=\"elementor-image-box-title\">FINALIDAD EDUCATIVA<\/h3><\/div><\/div>\t\t\t\t<\/div>\n\t\t\t\t<\/div>\n\t\t\t\t<div class=\"elementor-element elementor-element-41a2fd6 elementor-widget elementor-widget-text-editor\" data-id=\"41a2fd6\" data-element_type=\"widget\" data-e-type=\"widget\" data-widget_type=\"text-editor.default\">\n\t\t\t\t<div class=\"elementor-widget-container\">\n\t\t\t\t\t\t\t\t\t<p>El Colegio Del Rinc\u00f3n es una sociedad cooperativa formada por\u00a0profesionales de la ense\u00f1anza cuya finalidad es la educaci\u00f3n en todos sus niveles. Es objeto de nuestro\u00a0sistema de gesti\u00f3n de la calidad el proceso ense\u00f1anza\u00adaprendizaje en los niveles de formaci\u00f3n reglada.<\/p><p>Pretendemos, tal como recoge el Proyecto Educativo del Centro, educar en valores a nuestros alumnos,\u00a0sin descuidar la continua actualizaci\u00f3n de nuestro sistema educativo para prepararles ampliamente de cara\u00a0a su inserci\u00f3n laboral futura.<\/p><p>Todo esto junto al COMPROMISO POR LA DIRECCI\u00d3N supone una apuesta por los servicios de calidad y\u00a0por la satisfacci\u00f3n de nuestro alumnado, sus familias y dem\u00e1s partes interesadas en nuestros servicios.<\/p><p>Para garantizar todo esto hemos apostado por la implantaci\u00f3n de un sistema de gesti\u00f3n de la calidad\u00a0seg\u00fan la norma internacional UNE\u00adISO 9001:2000.<\/p>\t\t\t\t\t\t\t\t<\/div>\n\t\t\t\t<\/div>\n\t\t\t\t<div class=\"elementor-element elementor-element-099576f elementor-position-top elementor-widget elementor-widget-image-box\" data-id=\"099576f\" data-element_type=\"widget\" data-e-type=\"widget\" data-widget_type=\"image-box.default\">\n\t\t\t\t<div class=\"elementor-widget-container\">\n\t\t\t\t\t<div class=\"elementor-image-box-wrapper\"><figure class=\"elementor-image-box-img\"><img decoding=\"async\" width=\"1250\" height=\"1250\" src=\"https:\/\/www.colegiodelrincon.com\/wp-content\/uploads\/2025\/04\/LOGO-calidad-2.jpg\" class=\"attachment-full size-full wp-image-1267\" alt=\"\" srcset=\"https:\/\/www.colegiodelrincon.com\/wp-content\/uploads\/2025\/04\/LOGO-calidad-2.jpg 1250w, https:\/\/www.colegiodelrincon.com\/wp-content\/uploads\/2025\/04\/LOGO-calidad-2-300x300.jpg 300w, https:\/\/www.colegiodelrincon.com\/wp-content\/uploads\/2025\/04\/LOGO-calidad-2-1024x1024.jpg 1024w, https:\/\/www.colegiodelrincon.com\/wp-content\/uploads\/2025\/04\/LOGO-calidad-2-150x150.jpg 150w, https:\/\/www.colegiodelrincon.com\/wp-content\/uploads\/2025\/04\/LOGO-calidad-2-768x768.jpg 768w, https:\/\/www.colegiodelrincon.com\/wp-content\/uploads\/2025\/04\/LOGO-calidad-2-1140x1140.jpg 1140w, https:\/\/www.colegiodelrincon.com\/wp-content\/uploads\/2025\/04\/LOGO-calidad-2-75x75.jpg 75w\" sizes=\"(max-width: 1250px) 100vw, 1250px\" \/><\/figure><div class=\"elementor-image-box-content\"><h3 class=\"elementor-image-box-title\">DEFINICI\u00d3N DE LA POL\u00cdTICA DE CALIDAD<\/h3><p class=\"elementor-image-box-description\">El Colegio Del Rinc\u00f3n asume la pol\u00edtica de calidad como un recurso que le permita plantear \u00e1reas de\u00a0mejora en el desempe\u00f1o de su actividad en la prestaci\u00f3n de servicios a la comunidad a la que se dirige y la\u00a0consecuci\u00f3n de la satisfacci\u00f3n de sus clientes. Para ello define su pol\u00edtica de calidad en tres apartados\u00a0concretos denominados: MISI\u00d3N, VISI\u00d3N Y ESTRATEGIAS.<\/p><\/div><\/div>\t\t\t\t<\/div>\n\t\t\t\t<\/div>\n\t\t\t\t\t<\/div>\n\t\t<\/div>\n\t\t\t\t\t<\/div>\n\t\t<\/section>\n\t\t\t\t<section class=\"elementor-section elementor-top-section elementor-element elementor-element-ab24acd elementor-section-boxed elementor-section-height-default elementor-section-height-default\" data-id=\"ab24acd\" data-element_type=\"section\" data-e-type=\"section\">\n\t\t\t\t\t\t<div class=\"elementor-container elementor-column-gap-default\">\n\t\t\t\t\t<div class=\"elementor-column elementor-col-33 elementor-top-column elementor-element elementor-element-b6f3be9\" data-id=\"b6f3be9\" data-element_type=\"column\" data-e-type=\"column\">\n\t\t\t<div class=\"elementor-widget-wrap elementor-element-populated\">\n\t\t\t\t\t\t<div class=\"elementor-element elementor-element-01ef190 elementor-position-top elementor-widget elementor-widget-image-box\" data-id=\"01ef190\" data-element_type=\"widget\" data-e-type=\"widget\" data-widget_type=\"image-box.default\">\n\t\t\t\t<div class=\"elementor-widget-container\">\n\t\t\t\t\t<div class=\"elementor-image-box-wrapper\"><figure class=\"elementor-image-box-img\"><img decoding=\"async\" width=\"416\" height=\"416\" src=\"https:\/\/www.colegiodelrincon.com\/wp-content\/uploads\/2025\/04\/istockphoto-1215288212-170667a.jpg\" class=\"attachment-full size-full wp-image-1269\" alt=\"\" srcset=\"https:\/\/www.colegiodelrincon.com\/wp-content\/uploads\/2025\/04\/istockphoto-1215288212-170667a.jpg 416w, https:\/\/www.colegiodelrincon.com\/wp-content\/uploads\/2025\/04\/istockphoto-1215288212-170667a-300x300.jpg 300w, https:\/\/www.colegiodelrincon.com\/wp-content\/uploads\/2025\/04\/istockphoto-1215288212-170667a-150x150.jpg 150w, https:\/\/www.colegiodelrincon.com\/wp-content\/uploads\/2025\/04\/istockphoto-1215288212-170667a-75x75.jpg 75w\" sizes=\"(max-width: 416px) 100vw, 416px\" \/><\/figure><div class=\"elementor-image-box-content\"><h3 class=\"elementor-image-box-title\">MISI\u00d3N<\/h3><p class=\"elementor-image-box-description\">Coeducar, ense\u00f1ar y formar, desde la diversidad, personas \u00edntegras, aut\u00f3nomas y solidarias,\u00a0orientadas al h\u00e1bito de trabajo y el ocio responsable. Desde un proyecto coherente con el medio\u00a0ambiente y con la implicaci\u00f3n activa de la Comunidad Educativa.<\/p><\/div><\/div>\t\t\t\t<\/div>\n\t\t\t\t<\/div>\n\t\t\t\t\t<\/div>\n\t\t<\/div>\n\t\t\t\t<div class=\"elementor-column elementor-col-33 elementor-top-column elementor-element elementor-element-84a1c07\" data-id=\"84a1c07\" data-element_type=\"column\" data-e-type=\"column\">\n\t\t\t<div class=\"elementor-widget-wrap elementor-element-populated\">\n\t\t\t\t\t\t<div class=\"elementor-element elementor-element-145775f elementor-position-top elementor-widget elementor-widget-image-box\" data-id=\"145775f\" data-element_type=\"widget\" data-e-type=\"widget\" data-widget_type=\"image-box.default\">\n\t\t\t\t<div class=\"elementor-widget-container\">\n\t\t\t\t\t<div class=\"elementor-image-box-wrapper\"><figure class=\"elementor-image-box-img\"><img loading=\"lazy\" decoding=\"async\" width=\"512\" height=\"512\" src=\"https:\/\/www.colegiodelrincon.com\/wp-content\/uploads\/2025\/04\/553363.png\" class=\"attachment-full size-full wp-image-1271\" alt=\"\" srcset=\"https:\/\/www.colegiodelrincon.com\/wp-content\/uploads\/2025\/04\/553363.png 512w, https:\/\/www.colegiodelrincon.com\/wp-content\/uploads\/2025\/04\/553363-300x300.png 300w, https:\/\/www.colegiodelrincon.com\/wp-content\/uploads\/2025\/04\/553363-150x150.png 150w, https:\/\/www.colegiodelrincon.com\/wp-content\/uploads\/2025\/04\/553363-75x75.png 75w\" sizes=\"(max-width: 512px) 100vw, 512px\" \/><\/figure><div class=\"elementor-image-box-content\"><h3 class=\"elementor-image-box-title\">VISI\u00d3N<\/h3><p class=\"elementor-image-box-description\">Mantener una actitud de tolerancia y respeto entre los miembros de la comunidad educativa, cumpliendo los acuerdos que se deciden consensuadamente.\n\nColaborar en las actividades que se proponen en la comunidad educativa mediante la disposici\u00f3n, la entrega, la implicaci\u00f3n y el compromiso.\n\nSer eficaces ejecutando las decisiones y rentabilizando esfuerzos en recursos, tiempo...\n\nPromover el grado de inter\u00e9s de los padres y alumnos hacia el centro; basado en nuestra imagen como centro y como docentes.<\/p><\/div><\/div>\t\t\t\t<\/div>\n\t\t\t\t<\/div>\n\t\t\t\t\t<\/div>\n\t\t<\/div>\n\t\t\t\t<div class=\"elementor-column elementor-col-33 elementor-top-column elementor-element elementor-element-57addea\" data-id=\"57addea\" data-element_type=\"column\" data-e-type=\"column\">\n\t\t\t<div class=\"elementor-widget-wrap elementor-element-populated\">\n\t\t\t\t\t\t<div class=\"elementor-element elementor-element-52d18b8 elementor-position-top elementor-widget elementor-widget-image-box\" data-id=\"52d18b8\" data-element_type=\"widget\" data-e-type=\"widget\" data-widget_type=\"image-box.default\">\n\t\t\t\t<div class=\"elementor-widget-container\">\n\t\t\t\t\t<div class=\"elementor-image-box-wrapper\"><figure class=\"elementor-image-box-img\"><img loading=\"lazy\" decoding=\"async\" width=\"980\" height=\"980\" src=\"https:\/\/www.colegiodelrincon.com\/wp-content\/uploads\/2025\/04\/strategy-icon-design-free-vector.jpg\" class=\"attachment-full size-full wp-image-1272\" alt=\"\" srcset=\"https:\/\/www.colegiodelrincon.com\/wp-content\/uploads\/2025\/04\/strategy-icon-design-free-vector.jpg 980w, https:\/\/www.colegiodelrincon.com\/wp-content\/uploads\/2025\/04\/strategy-icon-design-free-vector-300x300.jpg 300w, https:\/\/www.colegiodelrincon.com\/wp-content\/uploads\/2025\/04\/strategy-icon-design-free-vector-150x150.jpg 150w, https:\/\/www.colegiodelrincon.com\/wp-content\/uploads\/2025\/04\/strategy-icon-design-free-vector-768x768.jpg 768w, https:\/\/www.colegiodelrincon.com\/wp-content\/uploads\/2025\/04\/strategy-icon-design-free-vector-75x75.jpg 75w\" sizes=\"(max-width: 980px) 100vw, 980px\" \/><\/figure><div class=\"elementor-image-box-content\"><h3 class=\"elementor-image-box-title\">ESTRATEGIAS<\/h3><p class=\"elementor-image-box-description\">El compromiso por parte de la Direcci\u00f3n y del equipo de docentes de realizar un an\u00e1lisis\u00a0continuo y reflexivo del proceso con una actitud positiva mediante el trabajo\u00a0en\u00a0equipo.\n\nControlar los procesos de ense\u00f1anza \u00adaprendizaje, desde el primer contacto con el alumnado o sus familias, que permita el desarrollo integral como personas, mediante la adquisici\u00f3n de competencias personales y sociales.\n\nTrabajar coordinadamente para la mejora del rendimiento escolar y la resoluci\u00f3n de conflictos.\n\nImpulsar y potenciar la funcionalidad en las reuniones del Consejo Rector y Claustro de Profesores.<\/p><\/div><\/div>\t\t\t\t<\/div>\n\t\t\t\t<\/div>\n\t\t\t\t\t<\/div>\n\t\t<\/div>\n\t\t\t\t\t<\/div>\n\t\t<\/section>\n\t\t\t\t<\/div>\n\t\t","protected":false},"excerpt":{"rendered":"<p>FINALIDAD EDUCATIVA El Colegio Del Rinc\u00f3n es una sociedad cooperativa formada por\u00a0profesionales de la ense\u00f1anza cuya finalidad es la educaci\u00f3n en todos sus niveles. Es objeto de nuestro\u00a0sistema de gesti\u00f3n de la calidad el proceso ense\u00f1anza\u00adaprendizaje en los niveles de formaci\u00f3n reglada. Pretendemos, tal como recoge el Proyecto Educativo del Centro, educar en valores a nuestros alumnos,\u00a0sin descuidar la continua actualizaci\u00f3n de nuestro sistema educativo para prepararles ampliamente de cara\u00a0a su inserci\u00f3n laboral futura. Todo esto junto al COMPROMISO POR LA DIRECCI\u00d3N supone una apuesta por los servicios de calidad y\u00a0por la satisfacci\u00f3n de nuestro alumnado, sus familias y dem\u00e1s partes interesadas en nuestros servicios. Para garantizar todo esto hemos apostado por la implantaci\u00f3n de un sistema de gesti\u00f3n de la calidad\u00a0seg\u00fan la norma internacional UNE\u00adISO 9001:2000. DEFINICI\u00d3N DE LA POL\u00cdTICA DE CALIDAD El Colegio Del Rinc\u00f3n asume la pol\u00edtica de calidad como un recurso que le permita plantear \u00e1reas de\u00a0mejora en el desempe\u00f1o de su actividad en la prestaci\u00f3n de servicios a la comunidad a la que se dirige y la\u00a0consecuci\u00f3n de la satisfacci\u00f3n de sus clientes. Para ello define su pol\u00edtica de calidad en tres apartados\u00a0concretos denominados: MISI\u00d3N, VISI\u00d3N Y ESTRATEGIAS. MISI\u00d3N Coeducar, ense\u00f1ar y formar, desde la diversidad, personas \u00edntegras, aut\u00f3nomas y solidarias,\u00a0orientadas al h\u00e1bito de trabajo y el ocio responsable. Desde un proyecto coherente con el medio\u00a0ambiente y con la implicaci\u00f3n activa de la Comunidad Educativa. VISI\u00d3N Mantener una actitud de tolerancia y respeto entre los miembros de la comunidad educativa, cumpliendo los acuerdos que se deciden consensuadamente. Colaborar en las actividades que se proponen en la comunidad educativa mediante la disposici\u00f3n, la entrega, la implicaci\u00f3n y el compromiso. Ser eficaces ejecutando las decisiones y rentabilizando esfuerzos en recursos, tiempo&#8230; Promover el grado de inter\u00e9s de los padres y alumnos hacia el centro; basado en nuestra imagen como centro y como docentes. ESTRATEGIAS El compromiso por parte de la Direcci\u00f3n y del equipo de docentes de realizar un an\u00e1lisis\u00a0continuo y reflexivo del proceso con una actitud positiva mediante el trabajo\u00a0en\u00a0equipo. Controlar los procesos de ense\u00f1anza \u00adaprendizaje, desde el primer contacto con el alumnado o sus familias, que permita el desarrollo integral como personas, mediante la adquisici\u00f3n de competencias personales y sociales. Trabajar coordinadamente para la mejora del rendimiento escolar y la resoluci\u00f3n de conflictos. Impulsar y potenciar la funcionalidad en las reuniones del Consejo Rector y Claustro de Profesores.<\/p>\n","protected":false},"author":1,"featured_media":0,"parent":0,"menu_order":0,"comment_status":"closed","ping_status":"closed","template":"","meta":{"footnotes":""},"class_list":["post-29","page","type-page","status-publish","hentry"],"_links":{"self":[{"href":"https:\/\/www.colegiodelrincon.com\/index.php\/wp-json\/wp\/v2\/pages\/29","targetHints":{"allow":["GET"]}}],"collection":[{"href":"https:\/\/www.colegiodelrincon.com\/index.php\/wp-json\/wp\/v2\/pages"}],"about":[{"href":"https:\/\/www.colegiodelrincon.com\/index.php\/wp-json\/wp\/v2\/types\/page"}],"author":[{"embeddable":true,"href":"https:\/\/www.colegiodelrincon.com\/index.php\/wp-json\/wp\/v2\/users\/1"}],"replies":[{"embeddable":true,"href":"https:\/\/www.colegiodelrincon.com\/index.php\/wp-json\/wp\/v2\/comments?post=29"}],"version-history":[{"count":18,"href":"https:\/\/www.colegiodelrincon.com\/index.php\/wp-json\/wp\/v2\/pages\/29\/revisions"}],"predecessor-version":[{"id":1292,"href":"https:\/\/www.colegiodelrincon.com\/index.php\/wp-json\/wp\/v2\/pages\/29\/revisions\/1292"}],"wp:attachment":[{"href":"https:\/\/www.colegiodelrincon.com\/index.php\/wp-json\/wp\/v2\/media?parent=29"}],"curies":[{"name":"wp","href":"https:\/\/api.w.org\/{rel}","templated":true}]}}