{"id":246,"date":"2022-05-12T09:49:41","date_gmt":"2022-05-12T09:49:41","guid":{"rendered":"https:\/\/www.colegiodelrincon.com\/?page_id=246"},"modified":"2025-05-13T10:49:01","modified_gmt":"2025-05-13T10:49:01","slug":"campamento-de-verano-2022","status":"publish","type":"page","link":"https:\/\/www.colegiodelrincon.com\/index.php\/campamento-de-verano-2022\/","title":{"rendered":"CAMPAMENTO DE VERANO 2025"},"content":{"rendered":"\t\t<div data-elementor-type=\"wp-page\" data-elementor-id=\"246\" class=\"elementor elementor-246\">\n\t\t\t\t\t\t<section class=\"elementor-section elementor-top-section elementor-element elementor-element-47cdfd40 elementor-section-boxed elementor-section-height-default elementor-section-height-default\" data-id=\"47cdfd40\" data-element_type=\"section\" data-e-type=\"section\">\n\t\t\t\t\t\t<div class=\"elementor-container elementor-column-gap-default\">\n\t\t\t\t\t<div class=\"elementor-column elementor-col-100 elementor-top-column elementor-element elementor-element-cafd7a2\" data-id=\"cafd7a2\" data-element_type=\"column\" data-e-type=\"column\">\n\t\t\t<div class=\"elementor-widget-wrap elementor-element-populated\">\n\t\t\t\t\t\t<div class=\"elementor-element elementor-element-7e7580f elementor-align-center elementor-widget elementor-widget-button\" data-id=\"7e7580f\" data-element_type=\"widget\" data-e-type=\"widget\" data-widget_type=\"button.default\">\n\t\t\t\t<div class=\"elementor-widget-container\">\n\t\t\t\t\t\t\t\t\t<div class=\"elementor-button-wrapper\">\n\t\t\t\t\t<a class=\"elementor-button elementor-button-link elementor-size-xl\" href=\"https:\/\/forms.gle\/sfR6FY7fQv3ntvVA8\">\n\t\t\t\t\t\t<span class=\"elementor-button-content-wrapper\">\n\t\t\t\t\t\t\t\t\t<span class=\"elementor-button-text\">FORMULARIO DE INSCRIPICI\u00d3N<\/span>\n\t\t\t\t\t<\/span>\n\t\t\t\t\t<\/a>\n\t\t\t\t<\/div>\n\t\t\t\t\t\t\t\t<\/div>\n\t\t\t\t<\/div>\n\t\t\t\t\t<\/div>\n\t\t<\/div>\n\t\t\t\t\t<\/div>\n\t\t<\/section>\n\t\t\t\t<section class=\"elementor-section elementor-top-section elementor-element elementor-element-7b2bd3d elementor-section-boxed elementor-section-height-default elementor-section-height-default\" data-id=\"7b2bd3d\" data-element_type=\"section\" data-e-type=\"section\">\n\t\t\t\t\t\t<div class=\"elementor-container elementor-column-gap-default\">\n\t\t\t\t\t<div class=\"elementor-column elementor-col-100 elementor-top-column elementor-element elementor-element-b4441ae\" data-id=\"b4441ae\" data-element_type=\"column\" data-e-type=\"column\">\n\t\t\t<div class=\"elementor-widget-wrap\">\n\t\t\t\t\t\t\t<\/div>\n\t\t<\/div>\n\t\t\t\t\t<\/div>\n\t\t<\/section>\n\t\t\t\t<section class=\"elementor-section elementor-top-section elementor-element elementor-element-ad62218 elementor-section-boxed elementor-section-height-default elementor-section-height-default\" data-id=\"ad62218\" data-element_type=\"section\" data-e-type=\"section\">\n\t\t\t\t\t\t<div class=\"elementor-container elementor-column-gap-default\">\n\t\t\t\t\t<div class=\"elementor-column elementor-col-100 elementor-top-column elementor-element elementor-element-5a3b84e\" data-id=\"5a3b84e\" data-element_type=\"column\" data-e-type=\"column\">\n\t\t\t<div class=\"elementor-widget-wrap elementor-element-populated\">\n\t\t\t\t\t\t<div class=\"elementor-element elementor-element-681cc4b elementor-widget elementor-widget-text-editor\" data-id=\"681cc4b\" data-element_type=\"widget\" data-e-type=\"widget\" data-widget_type=\"text-editor.default\">\n\t\t\t\t<div class=\"elementor-widget-container\">\n\t\t\t\t\t\t\t\t\t<p><span style=\"color: #000000;\"><b>1. 10% por segundo hermano en el precio del servicio de campamento en modalidad turnos y\u00a0<span style=\"font-family: var( --e-global-typography-text-font-family ), Sans-serif; letter-spacing: 0px;\">mes completo.<\/span><\/b><\/span><\/p><p><span style=\"color: #000000;\"><b>2. Los servicios de aula matinal y d\u00edas sueltos no est\u00e1n sujetos a ninguna oferta. <span style=\"font-family: var( --e-global-typography-text-font-family ), Sans-serif; letter-spacing: 0px;\">Para poder ofrecer estos servicios requieren de un m\u00ednimo de 5 ni\u00f1os\/ni\u00f1as para AULA\u00a0<\/span><span style=\"font-family: var( --e-global-typography-text-font-family ), Sans-serif; letter-spacing: 0px;\">MATINAL.<\/span><\/b><\/span><\/p><p><span style=\"color: #000000;\"><b>3. Una vez completada la inscripci\u00f3n y realizada la transferencia, enviar comprobante al\u00a0<span style=\"font-family: var( --e-global-typography-text-font-family ), Sans-serif; letter-spacing: 0px;\">correo secretar\u00eda@colegiodelrincon.net.<\/span><\/b><\/span><\/p><p><span style=\"color: #000000;\"><b>4. A la hora de realizar la transferencia deber\u00e1 poner en el concepto \u00abCAMPAMENTO\u00a0\u00a0<span style=\"font-family: var( --e-global-typography-text-font-family ), Sans-serif; letter-spacing: 0px;\">seguido del nombre y apellidos del menor de edad\u00bb<\/span><\/b><\/span><\/p><p><span style=\"color: #000000;\"><b>5. La edad comprendida para participar en el Campamento ser\u00e1 de 3 a 7 a\u00f1os.<\/b><\/span><\/p><p><span style=\"color: #000000; font-family: var( --e-global-typography-text-font-family ), Sans-serif; letter-spacing: 0px;\"><b>6. No podr\u00e1n participar en el campamento alumnos que no controlen esf\u00ednteres.<\/b><\/span><\/p>\t\t\t\t\t\t\t\t<\/div>\n\t\t\t\t<\/div>\n\t\t\t\t<div class=\"elementor-element elementor-element-1cb3603 elementor-widget elementor-widget-text-editor\" data-id=\"1cb3603\" data-element_type=\"widget\" data-e-type=\"widget\" data-widget_type=\"text-editor.default\">\n\t\t\t\t<div class=\"elementor-widget-container\">\n\t\t\t\t\t\t\t\t\t<table style=\"border-collapse: collapse; width: 99.4854%; height: 652px;\"><tbody><tr style=\"height: 24px;\"><td style=\"width: 50%; height: 24px;\">SERVICIOS<\/td><td style=\"width: 50%; height: 24px;\">TARIFAS<\/td><\/tr><tr style=\"height: 72px;\"><td style=\"width: 50%; height: 72px;\">CAMPAMENTO MES COMPLETO (julio o agosto)<\/td><td style=\"width: 50%; height: 72px;\">280 \u20ac<\/td><\/tr><tr style=\"height: 192px;\"><td style=\"width: 50%; height: 192px;\"><p>JULIO\u00a0 \u00a0 \u00a0 \u00a0 1\u00baturno (1\/07 al 15\/07)<\/p><p>\u00a0 \u00a0 \u00a0 \u00a0 \u00a0 \u00a0 \u00a0 \u00a0 \u00a0 \u00a02\u00baturno (17\/07 al 31\/07)<\/p><\/td><td style=\"width: 50%; height: 192px;\">150\u20ac<\/td><\/tr><tr style=\"height: 48px;\"><td style=\"width: 50%; height: 48px;\">SEMANA (lunes a viernes)<\/td><td style=\"width: 50%; height: 48px;\">80\u20ac<\/td><\/tr><tr style=\"height: 24px;\"><td style=\"width: 50%; height: 24px;\">DIA SUELTO<\/td><td style=\"width: 50%; height: 24px;\">25\u20ac D\u00eda<\/td><\/tr><tr style=\"height: 96px;\"><td style=\"width: 50%; height: 96px;\">AULA MATINAL 7:45 a 9:30 (d\u00eda suelto) m\u00ednimo 5 alumnos<\/td><td style=\"width: 50%; height: 96px;\">5\u20ac\/d\u00eda<\/td><\/tr><tr style=\"height: 48px;\"><td style=\"width: 50%; height: 48px;\">AULA MATINAL MES COMPLETO<\/td><td style=\"width: 50%; height: 48px;\">60\u20ac<\/td><\/tr><\/tbody><\/table><p>\u00a0<\/p>\t\t\t\t\t\t\t\t<\/div>\n\t\t\t\t<\/div>\n\t\t\t\t\t<\/div>\n\t\t<\/div>\n\t\t\t\t\t<\/div>\n\t\t<\/section>\n\t\t\t\t<\/div>\n\t\t","protected":false},"excerpt":{"rendered":"<p>FORMULARIO DE INSCRIPICI\u00d3N 1. 10% por segundo hermano en el precio del servicio de campamento en modalidad turnos y\u00a0mes completo. 2. Los servicios de aula matinal y d\u00edas sueltos no est\u00e1n sujetos a ninguna oferta. Para poder ofrecer estos servicios requieren de un m\u00ednimo de 5 ni\u00f1os\/ni\u00f1as para AULA\u00a0MATINAL. 3. Una vez completada la inscripci\u00f3n y realizada la transferencia, enviar comprobante al\u00a0correo secretar\u00eda@colegiodelrincon.net. 4. A la hora de realizar la transferencia deber\u00e1 poner en el concepto \u00abCAMPAMENTO\u00a0\u00a0seguido del nombre y apellidos del menor de edad\u00bb 5. La edad comprendida para participar en el Campamento ser\u00e1 de 3 a 7 a\u00f1os. 6. No podr\u00e1n participar en el campamento alumnos que no controlen esf\u00ednteres. SERVICIOS TARIFAS CAMPAMENTO MES COMPLETO (julio o agosto) 280 \u20ac JULIO\u00a0 \u00a0 \u00a0 \u00a0 1\u00baturno (1\/07 al 15\/07) \u00a0 \u00a0 \u00a0 \u00a0 \u00a0 \u00a0 \u00a0 \u00a0 \u00a0 \u00a02\u00baturno (17\/07 al 31\/07) 150\u20ac SEMANA (lunes a viernes) 80\u20ac DIA SUELTO 25\u20ac D\u00eda AULA MATINAL 7:45 a 9:30 (d\u00eda suelto) m\u00ednimo 5 alumnos 5\u20ac\/d\u00eda AULA MATINAL MES COMPLETO 60\u20ac \u00a0<\/p>\n","protected":false},"author":1,"featured_media":0,"parent":0,"menu_order":0,"comment_status":"closed","ping_status":"closed","template":"","meta":{"footnotes":""},"class_list":["post-246","page","type-page","status-publish","hentry"],"_links":{"self":[{"href":"https:\/\/www.colegiodelrincon.com\/index.php\/wp-json\/wp\/v2\/pages\/246","targetHints":{"allow":["GET"]}}],"collection":[{"href":"https:\/\/www.colegiodelrincon.com\/index.php\/wp-json\/wp\/v2\/pages"}],"about":[{"href":"https:\/\/www.colegiodelrincon.com\/index.php\/wp-json\/wp\/v2\/types\/page"}],"author":[{"embeddable":true,"href":"https:\/\/www.colegiodelrincon.com\/index.php\/wp-json\/wp\/v2\/users\/1"}],"replies":[{"embeddable":true,"href":"https:\/\/www.colegiodelrincon.com\/index.php\/wp-json\/wp\/v2\/comments?post=246"}],"version-history":[{"count":41,"href":"https:\/\/www.colegiodelrincon.com\/index.php\/wp-json\/wp\/v2\/pages\/246\/revisions"}],"predecessor-version":[{"id":1305,"href":"https:\/\/www.colegiodelrincon.com\/index.php\/wp-json\/wp\/v2\/pages\/246\/revisions\/1305"}],"wp:attachment":[{"href":"https:\/\/www.colegiodelrincon.com\/index.php\/wp-json\/wp\/v2\/media?parent=246"}],"curies":[{"name":"wp","href":"https:\/\/api.w.org\/{rel}","templated":true}]}}