{"id":204,"date":"2022-02-22T16:48:14","date_gmt":"2022-02-22T16:48:14","guid":{"rendered":"https:\/\/www.colegiodelrincon.com\/?page_id=204"},"modified":"2024-01-18T10:48:10","modified_gmt":"2024-01-18T10:48:10","slug":"quienes-somos","status":"publish","type":"page","link":"https:\/\/www.colegiodelrincon.com\/index.php\/quienes-somos\/","title":{"rendered":"\u00bfQuienes somos?"},"content":{"rendered":"\t\t<div data-elementor-type=\"wp-page\" data-elementor-id=\"204\" class=\"elementor elementor-204\">\n\t\t\t\t\t\t<section class=\"elementor-section elementor-top-section elementor-element elementor-element-9f1c89e elementor-section-boxed elementor-section-height-default elementor-section-height-default\" data-id=\"9f1c89e\" data-element_type=\"section\" data-e-type=\"section\">\n\t\t\t\t\t\t<div class=\"elementor-container elementor-column-gap-default\">\n\t\t\t\t\t<div class=\"elementor-column elementor-col-100 elementor-top-column elementor-element elementor-element-7f27fe0\" data-id=\"7f27fe0\" data-element_type=\"column\" data-e-type=\"column\">\n\t\t\t<div class=\"elementor-widget-wrap elementor-element-populated\">\n\t\t\t\t\t\t<div class=\"elementor-element elementor-element-2f881ae elementor-widget elementor-widget-image\" data-id=\"2f881ae\" data-element_type=\"widget\" data-e-type=\"widget\" data-widget_type=\"image.default\">\n\t\t\t\t<div class=\"elementor-widget-container\">\n\t\t\t\t\t\t\t\t\t\t\t\t\t\t\t<img fetchpriority=\"high\" decoding=\"async\" width=\"750\" height=\"135\" src=\"https:\/\/www.colegiodelrincon.com\/wp-content\/uploads\/2022\/02\/60-an\u0303os-colegio.jpg\" class=\"attachment-large size-large wp-image-202\" alt=\"\" srcset=\"https:\/\/www.colegiodelrincon.com\/wp-content\/uploads\/2022\/02\/60-an\u0303os-colegio.jpg 750w, https:\/\/www.colegiodelrincon.com\/wp-content\/uploads\/2022\/02\/60-an\u0303os-colegio-300x54.jpg 300w\" sizes=\"(max-width: 750px) 100vw, 750px\" \/>\t\t\t\t\t\t\t\t\t\t\t\t\t\t\t<\/div>\n\t\t\t\t<\/div>\n\t\t\t\t<div class=\"elementor-element elementor-element-dba1a43 elementor-widget elementor-widget-video\" data-id=\"dba1a43\" data-element_type=\"widget\" data-e-type=\"widget\" data-settings=\"{&quot;video_type&quot;:&quot;hosted&quot;,&quot;controls&quot;:&quot;yes&quot;}\" data-widget_type=\"video.default\">\n\t\t\t\t<div class=\"elementor-widget-container\">\n\t\t\t\t\t\t\t<div class=\"e-hosted-video elementor-wrapper elementor-open-inline\">\n\t\t\t\t\t<video class=\"elementor-video\" src=\"https:\/\/www.colegiodelrincon.com\/wp-content\/uploads\/2023\/04\/colegio-rincon-video.mp4\" controls=\"\" preload=\"metadata\" controlsList=\"nodownload\"><\/video>\n\t\t\t\t<\/div>\n\t\t\t\t\t\t<\/div>\n\t\t\t\t<\/div>\n\t\t\t\t\t<\/div>\n\t\t<\/div>\n\t\t\t\t\t<\/div>\n\t\t<\/section>\n\t\t\t\t<section class=\"elementor-section elementor-top-section elementor-element elementor-element-542a845b elementor-section-boxed elementor-section-height-default elementor-section-height-default\" data-id=\"542a845b\" data-element_type=\"section\" data-e-type=\"section\">\n\t\t\t\t\t\t<div class=\"elementor-container elementor-column-gap-default\">\n\t\t\t\t\t<div class=\"elementor-column elementor-col-100 elementor-top-column elementor-element elementor-element-64cb1d94\" data-id=\"64cb1d94\" data-element_type=\"column\" data-e-type=\"column\">\n\t\t\t<div class=\"elementor-widget-wrap elementor-element-populated\">\n\t\t\t\t\t\t<div class=\"elementor-element elementor-element-4573444d elementor-widget elementor-widget-text-editor\" data-id=\"4573444d\" data-element_type=\"widget\" data-e-type=\"widget\" data-widget_type=\"text-editor.default\">\n\t\t\t\t<div class=\"elementor-widget-container\">\n\t\t\t\t\t\t\t\t\t<p style=\"text-align: justify;\">All\u00e1 por el a\u00f1o 1962 nace en el sitio m\u00e1s carism\u00e1tico de Torremolinos, La Carihuela, <strong>el Colegio del Rinc\u00f3n<\/strong>, fruto de las ilusiones de una persona totalmente volcada en la educaci\u00f3n y que dio lo mejor de su vida por el colegio.<\/p><p style=\"text-align: justify;\">Pasados los a\u00f1os, la fundadora, Do\u00f1a Julia Mu\u00f1oz Bueno, asume que ha llegado el momento de retirarse y da paso a una nueva generaci\u00f3n de educadores activos y luchadores, que seguir\u00e1n con la labor emprendida por ella a\u00f1os atr\u00e1s.<\/p><p style=\"text-align: justify;\">As\u00ed en el a\u00f1o 1995 deja el colegio en manos de sus profesores que con todo el cari\u00f1o y profesionalidad que corresponde, invierten lo poco que tienen pero que tanto valoran, su tiempo y esfuerzo por conseguir la escuela ideal, una escuela al servicio del desarrollo cultural de la comunidad, una escuela donde el trabajo docente adquiere su verdadera dimensi\u00f3n educadora, una funci\u00f3n socialmente relevante, sin ser solo una mera transmisora de contenidos \u00abacad\u00e9micos\u00bb.<\/p><p style=\"text-align: justify;\">Por ello este grupo de profesores que conforman la cooperativa \u00abEl Tinado\u00bb, se esfuerzan en conseguir una escuela mejor.<\/p><p style=\"text-align: justify;\">Esta cooperativa que con tanta dedicaci\u00f3n asumi\u00f3 su nuevo e importante papel de cooperativistas-educadores, la formaban en un principio los siguientes socios: Francisca Cast\u00e1n Rivares. M\u00f3nica De La Cruz Porteneuve. Eduardo Delgado Acu\u00f1as. Rosario Delgado Quintero. Juan Ignacio Guerrero Salazar. M\u00aa Trinidad Hern\u00e1ndez L\u00f3pez. Margarita Pel\u00e1ez Mena. M\u00aa Jos\u00e9 Rodr\u00edguez Guti\u00e9rrez. M\u00aa Carmen Romero Sotomayor.<\/p><p style=\"text-align: justify;\">En el a\u00f1o 2000 se decide aumentar el capital social de la cooperativa y se propone como nuevo socio de la misma a Don Pedro Cerro Gir\u00e1ldez, su ingreso es apoyado por la mayor\u00eda.<\/p><p style=\"text-align: justify;\">En el a\u00f1o 2009 se incorporan nuevas socias a la cooperativa: Do\u00f1a Bego\u00f1a Rueda Colmenero, Do\u00f1a Isabel M\u00aa Jim\u00e9nez Garc\u00eda y Do\u00f1a Georgina Corrales Anaya.<\/p><p><img decoding=\"async\" class=\"size-full wp-image-222 aligncenter\" src=\"https:\/\/www.colegiodelrincon.com\/wp-content\/uploads\/2022\/03\/d242fa81-79d4-4370-beaa-e180abf1026b.jpg\" alt=\"\" width=\"1024\" height=\"768\" srcset=\"https:\/\/www.colegiodelrincon.com\/wp-content\/uploads\/2022\/03\/d242fa81-79d4-4370-beaa-e180abf1026b.jpg 1024w, https:\/\/www.colegiodelrincon.com\/wp-content\/uploads\/2022\/03\/d242fa81-79d4-4370-beaa-e180abf1026b-300x225.jpg 300w, https:\/\/www.colegiodelrincon.com\/wp-content\/uploads\/2022\/03\/d242fa81-79d4-4370-beaa-e180abf1026b-768x576.jpg 768w\" sizes=\"(max-width: 1024px) 100vw, 1024px\" \/><\/p><p style=\"text-align: justify;\">En el a\u00f1o 2013 se incorpora a la cooperativa D\u00aa Rebeca Mu\u00f1iz Tejada, en 2015 D\u00aa Ver\u00f3nica Jim\u00e9nez de la Cruz, en 2020 D\u00ba Jaime Caparr\u00f3s Delgado y D\u00aa Mar\u00eda Loza Pel\u00e1ez, la \u00faltima incorporaci\u00f3n a la coopertiva de ense\u00f1anza ha sido la de D\u00aa Carmen Pareja Sibaja en el 2021.<\/p><p style=\"text-align: justify;\">Del mismo modo ya no pertenecen a la cooperativa algunas de las socias, D\u00aa Bego\u00f1a Rueda Colmenero, D\u00aa Francisca Cast\u00e1n Rivar\u00e9s , D\u00aa M\u00f3nica de la Cruz Portenueve y D\u00aa Margarita Pel\u00e1ez Mena.<\/p><p style=\"text-align: justify;\">Originariamente, el edificio del Colegio constaba de una sola planta, en parte construida en 1962 y ampliada en 1969. Pero las necesidades del \u00e1rea de influencia del Colegio hace que, para satisfacer la demanda creada en la zona, se tenga que seguir ampliando, as\u00ed, en 1987 se ubica la Ense\u00f1anza General Obligatoria (E.G.B.) en un edificio adyacente al originario, queconsta de dos plantas, en el que se distribuyen las aulas, adem\u00e1s de la biblioteca, audiovisuales, inform\u00e1tica&#8230;<\/p><p style=\"text-align: justify;\">Posteriormente, en un esfuerzo por seguir ofreciendo la m\u00e1xima calidad, y fruto de las buenas relaciones con el Consistoriode Torremolinos, \u00e9ste cede el uso de unos terrenos anexos al del Centro, para construir un polideportivo, siendo el Se\u00f1or Alcalde de Torremolinos el que lo inaugur\u00f3 en 1996. En 1997 el colegio se acoge a la nueva normativa, desapareciendo la E.G.B. y estableciendo la Educaci\u00f3n Secundaria Obligatoria, que ampliaba en dos a\u00f1os la obligatoriedad, por lo que hubo que ampliar el profesorado con la contrataci\u00f3n de licenciados capacitados para impartir dichas clases.<\/p><p><img decoding=\"async\" class=\"size-large wp-image-223 aligncenter\" src=\"https:\/\/www.colegiodelrincon.com\/wp-content\/uploads\/2022\/03\/75d66dd3-e33a-4df9-8356-2b12360868cc-768x1024.jpg\" alt=\"\" width=\"768\" height=\"1024\" srcset=\"https:\/\/www.colegiodelrincon.com\/wp-content\/uploads\/2022\/03\/75d66dd3-e33a-4df9-8356-2b12360868cc-768x1024.jpg 768w, https:\/\/www.colegiodelrincon.com\/wp-content\/uploads\/2022\/03\/75d66dd3-e33a-4df9-8356-2b12360868cc-225x300.jpg 225w, https:\/\/www.colegiodelrincon.com\/wp-content\/uploads\/2022\/03\/75d66dd3-e33a-4df9-8356-2b12360868cc-1152x1536.jpg 1152w, https:\/\/www.colegiodelrincon.com\/wp-content\/uploads\/2022\/03\/75d66dd3-e33a-4df9-8356-2b12360868cc-1140x1520.jpg 1140w, https:\/\/www.colegiodelrincon.com\/wp-content\/uploads\/2022\/03\/75d66dd3-e33a-4df9-8356-2b12360868cc.jpg 1200w\" sizes=\"(max-width: 768px) 100vw, 768px\" \/><\/p><p style=\"text-align: justify;\">El curso acad\u00e9mico 99-00 acaba con la primera generaci\u00f3n de la E.S.O. en licenciarse en el Colegio, con muy buenos resultados acad\u00e9micos y personales. En esos momentos, la cooperativa emprende un nuevo proyecto, arriesgado y ambicioso, que marcar\u00e1 el camino del Centro: la elevaci\u00f3n de una planta y la reestructuraci\u00f3n total de la planta originaria. En 2002 se hace realidad este proyecto, albergando las aulas de Infantil, Secretar\u00eda, Sala de profesoras y profesores; y los Despachos del Equipo Directivo.<\/p><p style=\"text-align: justify;\">As\u00ed, poco a poco, pero con pasos firmes y decididos, el Centro va aumentando, de tama\u00f1o, de n\u00famero de alumnos y alumnas y de profesoras y profesores; ya que cada a\u00f1o nos conciertan nuevos cursos, llegando a tener en la actualidad el concierto educativo desde la Educaci\u00f3n Infantil, hasta cuarto de Educaci\u00f3n Secundaria Obligatoria. En el a\u00f1o 2006 nos conceden el concierto del aula de apoyo a la integraci\u00f3n.<\/p><p style=\"text-align: justify;\">En el curso 2008-09, se inicia la implantaci\u00f3n del biling\u00fcismo en primaria que actualmente se imparte desde 1\u00ba de infantil hasta 2\u00ba de ESO y se inaugura el aula TIC. El Centro, desde sus or\u00edgenes ha sufrido un gran cambio de imagen, aunque el esp\u00edritu del mismo permanece inamovible desde su fundaci\u00f3n, y as\u00ed seguir\u00e1 siendo, ya que nuestro objetivo de formar personas \u00edntegras y solidarias es nuestra mejor recompensa.<\/p><p><img loading=\"lazy\" decoding=\"async\" class=\"size-large wp-image-208 aligncenter\" src=\"https:\/\/www.colegiodelrincon.com\/wp-content\/uploads\/2022\/02\/c7d874ca-e617-498a-a406-11f4cfc949b2-768x1024.jpg\" alt=\"\" width=\"768\" height=\"1024\" srcset=\"https:\/\/www.colegiodelrincon.com\/wp-content\/uploads\/2022\/02\/c7d874ca-e617-498a-a406-11f4cfc949b2-768x1024.jpg 768w, https:\/\/www.colegiodelrincon.com\/wp-content\/uploads\/2022\/02\/c7d874ca-e617-498a-a406-11f4cfc949b2-225x300.jpg 225w, https:\/\/www.colegiodelrincon.com\/wp-content\/uploads\/2022\/02\/c7d874ca-e617-498a-a406-11f4cfc949b2-1152x1536.jpg 1152w, https:\/\/www.colegiodelrincon.com\/wp-content\/uploads\/2022\/02\/c7d874ca-e617-498a-a406-11f4cfc949b2-1140x1520.jpg 1140w, https:\/\/www.colegiodelrincon.com\/wp-content\/uploads\/2022\/02\/c7d874ca-e617-498a-a406-11f4cfc949b2.jpg 1536w\" sizes=\"(max-width: 768px) 100vw, 768px\" \/><\/p>\t\t\t\t\t\t\t\t<\/div>\n\t\t\t\t<\/div>\n\t\t\t\t\t<\/div>\n\t\t<\/div>\n\t\t\t\t\t<\/div>\n\t\t<\/section>\n\t\t\t\t<section class=\"elementor-section elementor-top-section elementor-element elementor-element-c028e5a elementor-section-boxed elementor-section-height-default elementor-section-height-default\" data-id=\"c028e5a\" data-element_type=\"section\" data-e-type=\"section\">\n\t\t\t\t\t\t<div class=\"elementor-container elementor-column-gap-default\">\n\t\t\t\t\t<div class=\"elementor-column elementor-col-100 elementor-top-column elementor-element elementor-element-8177aee\" data-id=\"8177aee\" data-element_type=\"column\" data-e-type=\"column\">\n\t\t\t<div class=\"elementor-widget-wrap\">\n\t\t\t\t\t\t\t<\/div>\n\t\t<\/div>\n\t\t\t\t\t<\/div>\n\t\t<\/section>\n\t\t\t\t<\/div>\n\t\t","protected":false},"excerpt":{"rendered":"<p>https:\/\/www.colegiodelrincon.com\/wp-content\/uploads\/2023\/04\/colegio-rincon-video.mp4 All\u00e1 por el a\u00f1o 1962 nace en el sitio m\u00e1s carism\u00e1tico de Torremolinos, La Carihuela, el Colegio del Rinc\u00f3n, fruto de las ilusiones de una persona totalmente volcada en la educaci\u00f3n y que dio lo mejor de su vida por el colegio. Pasados los a\u00f1os, la fundadora, Do\u00f1a Julia Mu\u00f1oz Bueno, asume que ha llegado el momento de retirarse y da paso a una nueva generaci\u00f3n de educadores activos y luchadores, que seguir\u00e1n con la labor emprendida por ella a\u00f1os atr\u00e1s. As\u00ed en el a\u00f1o 1995 deja el colegio en manos de sus profesores que con todo el cari\u00f1o y profesionalidad que corresponde, invierten lo poco que tienen pero que tanto valoran, su tiempo y esfuerzo por conseguir la escuela ideal, una escuela al servicio del desarrollo cultural de la comunidad, una escuela donde el trabajo docente adquiere su verdadera dimensi\u00f3n educadora, una funci\u00f3n socialmente relevante, sin ser solo una mera transmisora de contenidos \u00abacad\u00e9micos\u00bb. Por ello este grupo de profesores que conforman la cooperativa \u00abEl Tinado\u00bb, se esfuerzan en conseguir una escuela mejor. Esta cooperativa que con tanta dedicaci\u00f3n asumi\u00f3 su nuevo e importante papel de cooperativistas-educadores, la formaban en un principio los siguientes socios: Francisca Cast\u00e1n Rivares. M\u00f3nica De La Cruz Porteneuve. Eduardo Delgado Acu\u00f1as. Rosario Delgado Quintero. Juan Ignacio Guerrero Salazar. M\u00aa Trinidad Hern\u00e1ndez L\u00f3pez. Margarita Pel\u00e1ez Mena. M\u00aa Jos\u00e9 Rodr\u00edguez Guti\u00e9rrez. M\u00aa Carmen Romero Sotomayor. En el a\u00f1o 2000 se decide aumentar el capital social de la cooperativa y se propone como nuevo socio de la misma a Don Pedro Cerro Gir\u00e1ldez, su ingreso es apoyado por la mayor\u00eda. En el a\u00f1o 2009 se incorporan nuevas socias a la cooperativa: Do\u00f1a Bego\u00f1a Rueda Colmenero, Do\u00f1a Isabel M\u00aa Jim\u00e9nez Garc\u00eda y Do\u00f1a Georgina Corrales Anaya. En el a\u00f1o 2013 se incorpora a la cooperativa D\u00aa Rebeca Mu\u00f1iz Tejada, en 2015 D\u00aa Ver\u00f3nica Jim\u00e9nez de la Cruz, en 2020 D\u00ba Jaime Caparr\u00f3s Delgado y D\u00aa Mar\u00eda Loza Pel\u00e1ez, la \u00faltima incorporaci\u00f3n a la coopertiva de ense\u00f1anza ha sido la de D\u00aa Carmen Pareja Sibaja en el 2021. Del mismo modo ya no pertenecen a la cooperativa algunas de las socias, D\u00aa Bego\u00f1a Rueda Colmenero, D\u00aa Francisca Cast\u00e1n Rivar\u00e9s , D\u00aa M\u00f3nica de la Cruz Portenueve y D\u00aa Margarita Pel\u00e1ez Mena. Originariamente, el edificio del Colegio constaba de una sola planta, en parte construida en 1962 y ampliada en 1969. Pero las necesidades del \u00e1rea de influencia del Colegio hace que, para satisfacer la demanda creada en la zona, se tenga que seguir ampliando, as\u00ed, en 1987 se ubica la Ense\u00f1anza General Obligatoria (E.G.B.) en un edificio adyacente al originario, queconsta de dos plantas, en el que se distribuyen las aulas, adem\u00e1s de la biblioteca, audiovisuales, inform\u00e1tica&#8230; Posteriormente, en un esfuerzo por seguir ofreciendo la m\u00e1xima calidad, y fruto de las buenas relaciones con el Consistoriode Torremolinos, \u00e9ste cede el uso de unos terrenos anexos al del Centro, para construir un polideportivo, siendo el Se\u00f1or Alcalde de Torremolinos el que lo inaugur\u00f3 en 1996. En 1997 el colegio se acoge a la nueva normativa, desapareciendo la E.G.B. y estableciendo la Educaci\u00f3n Secundaria Obligatoria, que ampliaba en dos a\u00f1os la obligatoriedad, por lo que hubo que ampliar el profesorado con la contrataci\u00f3n de licenciados capacitados para impartir dichas clases. El curso acad\u00e9mico 99-00 acaba con la primera generaci\u00f3n de la E.S.O. en licenciarse en el Colegio, con muy buenos resultados acad\u00e9micos y personales. En esos momentos, la cooperativa emprende un nuevo proyecto, arriesgado y ambicioso, que marcar\u00e1 el camino del Centro: la elevaci\u00f3n de una planta y la reestructuraci\u00f3n total de la planta originaria. En 2002 se hace realidad este proyecto, albergando las aulas de Infantil, Secretar\u00eda, Sala de profesoras y profesores; y los Despachos del Equipo Directivo. As\u00ed, poco a poco, pero con pasos firmes y decididos, el Centro va aumentando, de tama\u00f1o, de n\u00famero de alumnos y alumnas y de profesoras y profesores; ya que cada a\u00f1o nos conciertan nuevos cursos, llegando a tener en la actualidad el concierto educativo desde la Educaci\u00f3n Infantil, hasta cuarto de Educaci\u00f3n Secundaria Obligatoria. En el a\u00f1o 2006 nos conceden el concierto del aula de apoyo a la integraci\u00f3n. En el curso 2008-09, se inicia la implantaci\u00f3n del biling\u00fcismo en primaria que actualmente se imparte desde 1\u00ba de infantil hasta 2\u00ba de ESO y se inaugura el aula TIC. El Centro, desde sus or\u00edgenes ha sufrido un gran cambio de imagen, aunque el esp\u00edritu del mismo permanece inamovible desde su fundaci\u00f3n, y as\u00ed seguir\u00e1 siendo, ya que nuestro objetivo de formar personas \u00edntegras y solidarias es nuestra mejor recompensa.<\/p>\n","protected":false},"author":1,"featured_media":0,"parent":0,"menu_order":0,"comment_status":"closed","ping_status":"closed","template":"","meta":{"footnotes":""},"class_list":["post-204","page","type-page","status-publish","hentry"],"_links":{"self":[{"href":"https:\/\/www.colegiodelrincon.com\/index.php\/wp-json\/wp\/v2\/pages\/204","targetHints":{"allow":["GET"]}}],"collection":[{"href":"https:\/\/www.colegiodelrincon.com\/index.php\/wp-json\/wp\/v2\/pages"}],"about":[{"href":"https:\/\/www.colegiodelrincon.com\/index.php\/wp-json\/wp\/v2\/types\/page"}],"author":[{"embeddable":true,"href":"https:\/\/www.colegiodelrincon.com\/index.php\/wp-json\/wp\/v2\/users\/1"}],"replies":[{"embeddable":true,"href":"https:\/\/www.colegiodelrincon.com\/index.php\/wp-json\/wp\/v2\/comments?post=204"}],"version-history":[{"count":12,"href":"https:\/\/www.colegiodelrincon.com\/index.php\/wp-json\/wp\/v2\/pages\/204\/revisions"}],"predecessor-version":[{"id":789,"href":"https:\/\/www.colegiodelrincon.com\/index.php\/wp-json\/wp\/v2\/pages\/204\/revisions\/789"}],"wp:attachment":[{"href":"https:\/\/www.colegiodelrincon.com\/index.php\/wp-json\/wp\/v2\/media?parent=204"}],"curies":[{"name":"wp","href":"https:\/\/api.w.org\/{rel}","templated":true}]}}